{"id":1060,"date":"2019-07-07T18:16:19","date_gmt":"2019-07-07T18:16:19","guid":{"rendered":"http:\/\/manuela-schwab.de\/?page_id=1060"},"modified":"2025-01-24T17:07:23","modified_gmt":"2025-01-24T17:07:23","slug":"reflexintegration","status":"publish","type":"page","link":"https:\/\/manuela-schwab.de\/?page_id=1060","title":{"rendered":"KinFlex\u00ae Kinesiologische Reflextherapie"},"content":{"rendered":"\t\t<div data-elementor-type=\"wp-post\" data-elementor-id=\"1060\" class=\"elementor elementor-1060\">\n\t\t\t\t\t\t\t\t\t<section class=\"elementor-section elementor-top-section elementor-element elementor-element-3241a858 elementor-section-boxed elementor-section-height-default elementor-section-height-default\" data-id=\"3241a858\" data-element_type=\"section\">\n\t\t\t\t\t\t<div class=\"elementor-container elementor-column-gap-default\">\n\t\t\t\t\t<div class=\"elementor-column elementor-col-100 elementor-top-column elementor-element elementor-element-53235139\" data-id=\"53235139\" data-element_type=\"column\">\n\t\t\t<div class=\"elementor-widget-wrap elementor-element-populated\">\n\t\t\t\t\t\t\t\t<div class=\"elementor-element elementor-element-4461c4f elementor-widget elementor-widget-image\" data-id=\"4461c4f\" data-element_type=\"widget\" data-widget_type=\"image.default\">\n\t\t\t\t<div class=\"elementor-widget-container\">\n\t\t\t\t\t\t\t\t\t\t\t\t\t\t\t<img decoding=\"async\" loading=\"lazy\" width=\"200\" height=\"300\" src=\"https:\/\/manuela-schwab.de\/wp-content\/uploads\/2022\/01\/Tamino-balanciert-200x300.jpg\" class=\"attachment-medium size-medium wp-image-1276\" alt=\"\" srcset=\"https:\/\/manuela-schwab.de\/wp-content\/uploads\/2022\/01\/Tamino-balanciert-200x300.jpg 200w, https:\/\/manuela-schwab.de\/wp-content\/uploads\/2022\/01\/Tamino-balanciert-683x1024.jpg 683w, https:\/\/manuela-schwab.de\/wp-content\/uploads\/2022\/01\/Tamino-balanciert-768x1152.jpg 768w, https:\/\/manuela-schwab.de\/wp-content\/uploads\/2022\/01\/Tamino-balanciert-1024x1536.jpg 1024w, https:\/\/manuela-schwab.de\/wp-content\/uploads\/2022\/01\/Tamino-balanciert-1365x2048.jpg 1365w, https:\/\/manuela-schwab.de\/wp-content\/uploads\/2022\/01\/Tamino-balanciert-40x60.jpg 40w, https:\/\/manuela-schwab.de\/wp-content\/uploads\/2022\/01\/Tamino-balanciert-980x1470.jpg 980w, https:\/\/manuela-schwab.de\/wp-content\/uploads\/2022\/01\/Tamino-balanciert-700x1050.jpg 700w, https:\/\/manuela-schwab.de\/wp-content\/uploads\/2022\/01\/Tamino-balanciert-scaled.jpg 1707w\" sizes=\"(max-width: 200px) 100vw, 200px\" \/>\t\t\t\t\t\t\t\t\t\t\t\t\t\t\t<\/div>\n\t\t\t\t<\/div>\n\t\t\t\t<div class=\"elementor-element elementor-element-459d90d elementor-widget elementor-widget-image\" data-id=\"459d90d\" data-element_type=\"widget\" data-widget_type=\"image.default\">\n\t\t\t\t<div class=\"elementor-widget-container\">\n\t\t\t\t\t\t\t\t\t\t\t\t\t\t\t<img decoding=\"async\" loading=\"lazy\" width=\"300\" height=\"102\" src=\"https:\/\/manuela-schwab.de\/wp-content\/uploads\/2019\/07\/KinFlex-Logo-300x102.png\" class=\"attachment-medium size-medium wp-image-1140\" alt=\"\" srcset=\"https:\/\/manuela-schwab.de\/wp-content\/uploads\/2019\/07\/KinFlex-Logo-300x102.png 300w, https:\/\/manuela-schwab.de\/wp-content\/uploads\/2019\/07\/KinFlex-Logo-60x20.png 60w, https:\/\/manuela-schwab.de\/wp-content\/uploads\/2019\/07\/KinFlex-Logo-600x204.png 600w, https:\/\/manuela-schwab.de\/wp-content\/uploads\/2019\/07\/KinFlex-Logo.png 665w\" sizes=\"(max-width: 300px) 100vw, 300px\" \/>\t\t\t\t\t\t\t\t\t\t\t\t\t\t\t<\/div>\n\t\t\t\t<\/div>\n\t\t\t\t<div class=\"elementor-element elementor-element-76395fce elementor-widget elementor-widget-text-editor\" data-id=\"76395fce\" data-element_type=\"widget\" data-widget_type=\"text-editor.default\">\n\t\t\t\t<div class=\"elementor-widget-container\">\n\t\t\t\t\t\t\t<p><!-- wp:paragraph --><\/p>\n<p>KinFlex\u00ae Reflextherapie f\u00fcr mehr #kinderleichterleben!<\/p><p>Die fr\u00fchkindlichen Reflexe sind unsere ersten Bewegungen, sie werden durch \u00e4u\u00dfere Reize ausgel\u00f6st und laufen unwillk\u00fcrlich und automatisch immer gleich ab. Sie entstehen bereits im Mutterleib, unterst\u00fctzen den Geburtsvorgang und sind f\u00fcr den Aufbau, die Verkn\u00fcpfung und Isolierung der Nervenbahnen zust\u00e4ndig. Dadurch wird die Muskulatur aufgebaut und der Aufrichtungsprozess unterst\u00fctzt. Im Zuge dessen werden ebenfalls das Sehen, H\u00f6ren, F\u00fchlen, Denken, Handeln, Gleichgewicht, die Kooperation und Wahrnehmung geschult.&nbsp;<\/p>\n<p><!-- \/wp:paragraph --><\/p>\n<p><!-- wp:paragraph --><\/p>\n<p>Die fr\u00fchkindlichen Reflexe sollten sp\u00e4testens nach dreieinhalb Jahren in ihrer Entwicklung stressfrei zentriert sein.&nbsp;<\/p>\n<p><!-- \/wp:paragraph --><\/p>\n<p><!-- wp:paragraph --><\/p>\n<p>Es gibt zahlreiche Ursachen daf\u00fcr, dass ein Reflexbewegungsmuster auch heute noch sichtbar ist:<\/p>\n<p><!-- \/wp:paragraph --><\/p>\n<p><!-- wp:paragraph --><\/p>\n<p><strong>vorgeburtliche Stresssituationen&nbsp;<\/strong>wie z.B. Unf\u00e4lle, Infektionen oder Alkohol-\/ Drogenkonsum\u2026<\/p>\n<p><!-- \/wp:paragraph --><\/p>\n<p><!-- wp:paragraph --><\/p>\n<p><strong>Situationen w\u00e4hrend der Geburt&nbsp;<\/strong>wie z.B. ein Kaiserschnitt, eine Fr\u00fchgeburt oder Saugglocken-\/ Zangengeburt.<\/p>\n<p><!-- \/wp:paragraph --><\/p>\n<p><!-- wp:paragraph --><\/p>\n<p>Auch&nbsp;<strong>danach<\/strong> k\u00f6nnen Trigger jeglicher Art daf\u00fcr verantwortlich sein, dass ein Reflex, der schon zentriert war wie eine Sicherung wieder \u201erausfliegt\u201c.&nbsp;<\/p>\n<p><!-- \/wp:paragraph --><\/p>\n<p><!-- wp:paragraph --><\/p>\n<p>Da passiert nicht nur bei Kindern sondern auch bei Erwachsenen.<\/p>\n<p><!-- \/wp:paragraph --><\/p>\n<p><!-- wp:paragraph --><\/p>\n<p>Die Zentrierung der Reflexe k\u00f6nnen wir uns vorstellen, wie in einem gro\u00dfen Orchester, das in unserem Gehirn &#8222;die Melodie des Lebens&#8220; spielen will:<\/p>\n<p>Alle Instrumente (Reflexe) sind da (angelegt). Doch bevor das Musikst\u00fcck gespielt wird, werden die Musikinstrumente gestimmt (entstresst) und die Melodie und die richtigen Eins\u00e4tze ge\u00fcbt werden.<\/p>\n<p>Wenn also die stressfreie Reflexentwicklung, unterst\u00fctzt durch die optimalen Bewegungsabl\u00e4ufe stattfinden k\u00f6nnen, ist der Mensch in der Lage, seine individuelle Lebensmelodie harmonisch und leicht zu spielen.&nbsp;<\/p>\n<p><!-- \/wp:paragraph --><\/p>\n<p><!-- wp:paragraph --><\/p>\n<p>Ist das Instrument nicht gestimmt, die Melodie nicht ge\u00fcbt, funkt der noch gestresste Reflex dazwischen, was zu \u00dcbersprungshandlungen und den oben beschriebenen Symptomen f\u00fchrt &#8211; das Musikst\u00fcck klingt schief!<\/p>\n<p><!-- \/wp:paragraph --><\/p>\n<p><!-- wp:paragraph --><\/p>\n<p>Die Reflexe m\u00fcssen zentriert und frei von Stress (Blockaden) sein, um willk\u00fcrliche und bewusste Bewegungen m\u00f6glich zu machen.&nbsp;<\/p>\n<p><!-- \/wp:paragraph --><\/p>\n<p><!-- wp:paragraph --><\/p>\n<p>Nur so werden die Nervenbahnen, die zwischen Gehirn und K\u00f6rper verlaufen, optimal gefestigt, die einzelnen Gehirnanteile ausgereift und die Muskelspannung im K\u00f6rper entwickelt.<\/p>\n<p><!-- \/wp:paragraph --><\/p>\n<p><!-- wp:paragraph --><\/p>\n<p>Findet dieser Prozess nicht statt dann kann ihr Kind nicht zeigen was in ihm steckt, es wird an sich zweifeln und Sie an ihm. Sein Potential kann sich nicht entwickeln, es f\u00fchlt sich an, als w\u00e4re seine Handbremse gezogen.<\/p>\n<p><!-- \/wp:paragraph --><\/p>\n<p><!-- wp:paragraph --><\/p>\n<p>M\u00f6gliche Anzeichen, die Sie bei Ihrem Kind feststellen k\u00f6nnen, wenn eine Reflexentwicklung Stress gespeichert hat:<\/p>\n<p><!-- \/wp:paragraph --><\/p>\n<p><!-- wp:list --><\/p>\n<ul>\n<li>Ihr Kind ist leicht ablenkbar, hat Schwierigkeiten ruhig sitzen zu bleiben.<\/li>\n<li>Es hat eine verkrampfte Stifthaltung und ist im Umgang mit Messer und Gabel ungeschickt.&nbsp;<\/li>\n<li>Es hat Konzentrations-\/Koordinationsprobleme, ist unordentlich, schusselig und unp\u00fcnktlich.<\/li>\n<li>Ihr Kind tut sich schwer beim Lesen, Schreiben und mit der Rechtschreibung&nbsp;<\/li>\n<li>Ihr Kind hat vielleicht auch Probleme in der Kontaktaufnahme mit anderen und ist \u00e4ngstlich oder bekommt manchmal Wutanf\u00e4lle.<\/li>\n<li>Es hat L\u00f6cher im Socken am gro\u00dfen Zeh, tut sich mit dem Schwimmen schwer, \u00fcberstreckt seine Knie oder Ellenbogen.<\/li>\n<\/ul>\n<p><!-- \/wp:list --><\/p>\n<p><!-- wp:paragraph --><\/p>\n<p>Zum Beispiel der ATNR (Asymmetrischer Tonischer Nackenreflex) oder auch Fechterstellung:<\/p>\n<p><!-- \/wp:paragraph --><\/p>\n<p><!-- wp:paragraph --><\/p>\n<p>Er wird durch die Kopfdrehung zur Seite ausgel\u00f6st und das Bein und der Arm der Blickrichtung strecken sich, w\u00e4hrend sich die Gliedma\u00dfen der Hinterhauptseite beugen.<\/p>\n<p><!-- \/wp:paragraph --><\/p>\n<p><!-- wp:paragraph --><\/p>\n<p>Durch die Verbindung von Kopf- Augen- und Armbewegungen bildet der ATNR die Grundlage f\u00fcr die Zusammenarbeit von Auge und Hand. Damit schafft er die Voraussetzung f\u00fcr alles weitere Lernen in der Schule.&nbsp;<\/p>\n<p><!-- \/wp:paragraph --><\/p>\n<p><!-- wp:paragraph --><\/p>\n<p>Stellen Sie sich vor, Ihr Kind sitzt in der Schule in U- Form an seinem Tisch und schaut zur Seite um von der Tafel abzuschreiben. Wenn das Reflexbewegungsmuster des ATNR sich noch zeigt, wird es in Blickrichtung Arm und Bein strecken wollen\u2026 das tut es nicht, weil das Bewusstsein dagegen steuert. Ihr Kind hilft sich vielleicht, indem es sich auf den Fu\u00df setzt oder die Beine um den Stuhl wickelt. Auf jeden Fall wird das Kind abgelenkt und das Gegensteuern kostet Energie. So entstehen Fehler und Ihr Kind ist unkonzentriert.<\/p>\n<p><!-- \/wp:paragraph --><\/p>\n<p><!-- wp:paragraph --><\/p>\n<p>So hat jeder fr\u00fchkindliche Reflex seine Aufgabe und mit gespeichertem Stress auch seine eigene Art, sich im Alltag als Herausforderung zu zeigen..<\/p>\n<p>Mit der KinFlex<sup>\u00ae<\/sup>&nbsp;Reflextherapie wird das K\u00f6rper-Energiesystem im Bereich der fr\u00fchkindlichen Reflexentwicklung zentriert und energetische Blockaden gel\u00f6st und sorgt so f\u00fcr eine sanfte Nachreifung des Systems.&nbsp;<\/p><p>So kann wieder Leichtigkeit in Ihre Familie einkehren &#8211; und das nur nach max. 5 Sitzungen! \ud83d\ude42<\/p>\n<p><!-- \/wp:paragraph --><\/p>\t\t\t\t\t\t<\/div>\n\t\t\t\t<\/div>\n\t\t\t\t\t<\/div>\n\t\t<\/div>\n\t\t\t\t\t\t\t<\/div>\n\t\t<\/section>\n\t\t\t\t<section class=\"elementor-section elementor-top-section elementor-element elementor-element-5a84ef3 elementor-section-boxed elementor-section-height-default elementor-section-height-default\" data-id=\"5a84ef3\" data-element_type=\"section\">\n\t\t\t\t\t\t<div class=\"elementor-container elementor-column-gap-default\">\n\t\t\t\t\t<div class=\"elementor-column elementor-col-100 elementor-top-column elementor-element elementor-element-8382f3d\" data-id=\"8382f3d\" data-element_type=\"column\">\n\t\t\t<div class=\"elementor-widget-wrap elementor-element-populated\">\n\t\t\t\t\t\t\t\t<div class=\"elementor-element elementor-element-84a3ef6 elementor-widget elementor-widget-video\" data-id=\"84a3ef6\" data-element_type=\"widget\" data-settings=\"{&quot;video_type&quot;:&quot;hosted&quot;,&quot;controls&quot;:&quot;yes&quot;}\" data-widget_type=\"video.default\">\n\t\t\t\t<div class=\"elementor-widget-container\">\n\t\t\t\t\t<div class=\"e-hosted-video elementor-wrapper elementor-open-inline\">\n\t\t\t\t\t<video class=\"elementor-video\" src=\"https:\/\/manuela-schwab.de\/wp-content\/uploads\/2022\/12\/Erklaervideo-KinFlex-Reflextherapie.mp4\" controls=\"\" preload=\"metadata\" controlsList=\"nodownload\"><\/video>\n\t\t\t\t<\/div>\n\t\t\t\t<\/div>\n\t\t\t\t<\/div>\n\t\t\t\t<div class=\"elementor-element elementor-element-373791c elementor-widget elementor-widget-text-editor\" data-id=\"373791c\" data-element_type=\"widget\" data-widget_type=\"text-editor.default\">\n\t\t\t\t<div class=\"elementor-widget-container\">\n\t\t\t\t\t\t\t<p>Rechtliche Hinweise:<\/p>\n<p>ich arbeite als selbstst\u00e4ndige Trainerin \/ Therapeutin \/ Coach und nicht als Arzt oder Heilpraktiker.<\/p>\n<p>Die angebotenen Leistungen sind keine Behandlung im medizinischen oder naturheilkundlichen Sinn, sondern dienen ausschlie\u00dflich der Gesundheitsf\u00f6rderung, Pers\u00f6nlichkeitsentwicklung sowie der neuronalen Schulreife.<\/p>\n<p>Die Inanspruchnahme der angebotenen Leistungen ersetzt keinesfalls den Besuch \/ die Behandlung bei Arzt, Heilpraktiker und\/oder eingetragenen, medizinischen Therapeuten.<\/p>\n<p>Es werden keine Diagnosen gestellt, keine Heilungsversprechen gegeben, keine Medikamente verabreicht oder empfohlen, prim\u00e4r keine Leiden mit medizinischem Erfordernis behandelt.<\/p>\n<p>Zur Beachtung:<\/p>\n<p>F\u00fcr einen gesunden Menschen stellt die Reflextherapie sowie das Coaching kein Risiko dar. Bei vorliegenden Diagnosen ist eine R\u00fccksprache mit dem behandelnden Arzt erforderlich.<\/p>\n<p>Bitte Informieren Sie mich \u00fcber die gesundheitliche Situation, \u00e4rztliche, heilpraktikerische, psychologische, psychiatrische Behandlung &amp; Diagnose(n) sowie eine aktuelle Medikamenteneinnahme.<\/p>\t\t\t\t\t\t<\/div>\n\t\t\t\t<\/div>\n\t\t\t\t\t<\/div>\n\t\t<\/div>\n\t\t\t\t\t\t\t<\/div>\n\t\t<\/section>\n\t\t\t\t\t\t\t<\/div>\n\t\t","protected":false},"excerpt":{"rendered":"<p>KinFlex\u00ae Reflextherapie f\u00fcr mehr #kinderleichterleben! Die fr\u00fchkindlichen Reflexe sind unsere ersten Bewegungen, sie werden durch \u00e4u\u00dfere Reize ausgel\u00f6st und laufen unwillk\u00fcrlich und automatisch immer gleich ab. Sie entstehen bereits im&#8230;<\/p>\n","protected":false},"author":1,"featured_media":1276,"parent":0,"menu_order":0,"comment_status":"closed","ping_status":"closed","template":"","meta":{"footnotes":""},"_links":{"self":[{"href":"https:\/\/manuela-schwab.de\/index.php?rest_route=\/wp\/v2\/pages\/1060"}],"collection":[{"href":"https:\/\/manuela-schwab.de\/index.php?rest_route=\/wp\/v2\/pages"}],"about":[{"href":"https:\/\/manuela-schwab.de\/index.php?rest_route=\/wp\/v2\/types\/page"}],"author":[{"embeddable":true,"href":"https:\/\/manuela-schwab.de\/index.php?rest_route=\/wp\/v2\/users\/1"}],"replies":[{"embeddable":true,"href":"https:\/\/manuela-schwab.de\/index.php?rest_route=%2Fwp%2Fv2%2Fcomments&post=1060"}],"version-history":[{"count":28,"href":"https:\/\/manuela-schwab.de\/index.php?rest_route=\/wp\/v2\/pages\/1060\/revisions"}],"predecessor-version":[{"id":1625,"href":"https:\/\/manuela-schwab.de\/index.php?rest_route=\/wp\/v2\/pages\/1060\/revisions\/1625"}],"wp:featuredmedia":[{"embeddable":true,"href":"https:\/\/manuela-schwab.de\/index.php?rest_route=\/wp\/v2\/media\/1276"}],"wp:attachment":[{"href":"https:\/\/manuela-schwab.de\/index.php?rest_route=%2Fwp%2Fv2%2Fmedia&parent=1060"}],"curies":[{"name":"wp","href":"https:\/\/api.w.org\/{rel}","templated":true}]}}