{"id":1056,"date":"2019-07-07T18:15:06","date_gmt":"2019-07-07T18:15:06","guid":{"rendered":"http:\/\/manuela-schwab.de\/?page_id=1056"},"modified":"2022-05-21T08:32:58","modified_gmt":"2022-05-21T08:32:58","slug":"marte-meo-beratung","status":"publish","type":"page","link":"https:\/\/manuela-schwab.de\/?page_id=1056","title":{"rendered":"Marte Meo Beratung"},"content":{"rendered":"\t\t<div data-elementor-type=\"wp-page\" data-elementor-id=\"1056\" class=\"elementor elementor-1056\">\n\t\t\t\t\t\t\t\t\t<section class=\"elementor-section elementor-top-section elementor-element elementor-element-8030601 elementor-section-boxed elementor-section-height-default elementor-section-height-default\" data-id=\"8030601\" data-element_type=\"section\">\n\t\t\t\t\t\t<div class=\"elementor-container elementor-column-gap-default\">\n\t\t\t\t\t<div class=\"elementor-column elementor-col-100 elementor-top-column elementor-element elementor-element-776636c1\" data-id=\"776636c1\" data-element_type=\"column\">\n\t\t\t<div class=\"elementor-widget-wrap elementor-element-populated\">\n\t\t\t\t\t\t\t\t<div class=\"elementor-element elementor-element-be78a05 elementor-widget elementor-widget-image\" data-id=\"be78a05\" data-element_type=\"widget\" data-widget_type=\"image.default\">\n\t\t\t\t<div class=\"elementor-widget-container\">\n\t\t\t\t\t\t\t\t\t\t\t\t\t\t\t<img decoding=\"async\" loading=\"lazy\" width=\"300\" height=\"236\" src=\"https:\/\/manuela-schwab.de\/wp-content\/uploads\/2022\/01\/Design-ohne-Titel-9-1-e1642241170588-300x236.png\" class=\"attachment-medium size-medium wp-image-1482\" alt=\"\" srcset=\"https:\/\/manuela-schwab.de\/wp-content\/uploads\/2022\/01\/Design-ohne-Titel-9-1-e1642241170588-300x236.png 300w, https:\/\/manuela-schwab.de\/wp-content\/uploads\/2022\/01\/Design-ohne-Titel-9-1-e1642241170588-768x605.png 768w, https:\/\/manuela-schwab.de\/wp-content\/uploads\/2022\/01\/Design-ohne-Titel-9-1-e1642241170588-60x47.png 60w, https:\/\/manuela-schwab.de\/wp-content\/uploads\/2022\/01\/Design-ohne-Titel-9-1-e1642241170588-700x551.png 700w, https:\/\/manuela-schwab.de\/wp-content\/uploads\/2022\/01\/Design-ohne-Titel-9-1-e1642241170588.png 940w\" sizes=\"(max-width: 300px) 100vw, 300px\" \/>\t\t\t\t\t\t\t\t\t\t\t\t\t\t\t<\/div>\n\t\t\t\t<\/div>\n\t\t\t\t<div class=\"elementor-element elementor-element-137528d0 elementor-widget elementor-widget-text-editor\" data-id=\"137528d0\" data-element_type=\"widget\" data-widget_type=\"text-editor.default\">\n\t\t\t\t<div class=\"elementor-widget-container\">\n\t\t\t\t\t\t\t<p><!-- wp:paragraph --><\/p>\n<p>Marte Meo&nbsp;leitet sich aus dem Lateinischen ab und bedeutet \u00fcbersetzt:<br>etwas \u201caus eigener Kraft\u201c erreichen.<\/p>\n<p><!-- \/wp:paragraph --><\/p>\n<p><!-- wp:paragraph --><\/p>\n<p>Dies ist die Grundidee des videogest\u00fctzten Beratungsangebotes zur Entwicklungsunterst\u00fctzung das von der Niederl\u00e4nderin Maria Aarts entwickelt wurde.&nbsp;<\/p>\n<p><!-- \/wp:paragraph --><\/p>\n<p><!-- wp:paragraph --><\/p>\n<p>Mit Hilfe von Filmaufnahmen aus dem famili\u00e4ren und institutionellen Alltag k\u00f6nnen Eltern und Fachkr\u00e4fte aus sozialen, psychologischen, erzieherischen und pflegerischen Arbeitsfeldern konkrete Informationen \u00fcber Bed\u00fcrfnisse von Kindern, Jugendlichen, Erwachsenen und alten Menschen aufgezeigt bekommen.<\/p>\n<p><!-- \/wp:paragraph --><\/p>\n<p><!-- wp:paragraph --><\/p>\n<p>Bei&nbsp;Marte Meo&nbsp;liegt die Botschaft hinter dem&nbsp;&#8222;unerw\u00fcnschten Verhalten&#8220;, und der Hinweis dahinter, was das Kind noch entwickeln darf.&nbsp;<\/p>\n<p><!-- \/wp:paragraph --><\/p>\n<p><!-- wp:paragraph --><\/p>\n<p>Kurze Videoszenen werden z.B. genutzt, um gelungene Initiativen aufzuzeigen, die das Kind sozial-emotional in seiner Entwicklung unterst\u00fctzen. Eltern und auch Fachkr\u00e4ften werden ganz konkrete und praxisnahe M\u00f6glichkeiten an die Hand gegeben, Kinder und Erwachsene bei der Ausbildung \u2013 \u00e4ltere Menschen beim Erhalten \u2013 kommunikativer, sozialer und emotionaler F\u00e4higkeiten zu unterst\u00fctzen. Durch die Aussagekraft der Bilder erg\u00e4nzt mit Informationen zu entwicklungsf\u00f6rderndem Verhalten werden Ver\u00e4nderungsprozesse angesto\u00dfen. Es er\u00f6ffnen sich \u201eEinsichten\u201c, die Menschen ihre eigene Kraft bewusst machen und sie motivieren, diese verst\u00e4rkt einzusetzen.<\/p>\n<p><!-- \/wp:paragraph --><\/p>\n<p><!-- wp:paragraph --><\/p>\n<p>Eine Methode also, von der in allen Bereichen profitiert wird, in denen es um das Erkennen und Aktivieren von F\u00e4higkeiten geht, wie auch um die Begleitung von Entwicklungs- und Lernprozessen.<\/p>\n<p><!-- \/wp:paragraph --><\/p>\n<p><!-- wp:paragraph --><\/p>\n<p>Anhand der MARTE MEO-Elemente werden mit den Eltern, Lehrern, Betreuern ma\u00dfgeschneiderte entwicklungsf\u00f6rdernde Kommunikationsweisen erarbeitet.<\/p>\n<p><!-- \/wp:paragraph --><\/p>\t\t\t\t\t\t<\/div>\n\t\t\t\t<\/div>\n\t\t\t\t\t<\/div>\n\t\t<\/div>\n\t\t\t\t\t\t\t<\/div>\n\t\t<\/section>\n\t\t\t\t\t\t\t<\/div>\n\t\t","protected":false},"excerpt":{"rendered":"<p>Marte Meo&nbsp;leitet sich aus dem Lateinischen ab und bedeutet \u00fcbersetzt:etwas \u201caus eigener Kraft\u201c erreichen. Dies ist die Grundidee des videogest\u00fctzten Beratungsangebotes zur Entwicklungsunterst\u00fctzung das von der Niederl\u00e4nderin Maria Aarts entwickelt&#8230;<\/p>\n","protected":false},"author":1,"featured_media":0,"parent":0,"menu_order":0,"comment_status":"closed","ping_status":"closed","template":"","meta":{"footnotes":""},"_links":{"self":[{"href":"https:\/\/manuela-schwab.de\/index.php?rest_route=\/wp\/v2\/pages\/1056"}],"collection":[{"href":"https:\/\/manuela-schwab.de\/index.php?rest_route=\/wp\/v2\/pages"}],"about":[{"href":"https:\/\/manuela-schwab.de\/index.php?rest_route=\/wp\/v2\/types\/page"}],"author":[{"embeddable":true,"href":"https:\/\/manuela-schwab.de\/index.php?rest_route=\/wp\/v2\/users\/1"}],"replies":[{"embeddable":true,"href":"https:\/\/manuela-schwab.de\/index.php?rest_route=%2Fwp%2Fv2%2Fcomments&post=1056"}],"version-history":[{"count":17,"href":"https:\/\/manuela-schwab.de\/index.php?rest_route=\/wp\/v2\/pages\/1056\/revisions"}],"predecessor-version":[{"id":1514,"href":"https:\/\/manuela-schwab.de\/index.php?rest_route=\/wp\/v2\/pages\/1056\/revisions\/1514"}],"wp:attachment":[{"href":"https:\/\/manuela-schwab.de\/index.php?rest_route=%2Fwp%2Fv2%2Fmedia&parent=1056"}],"curies":[{"name":"wp","href":"https:\/\/api.w.org\/{rel}","templated":true}]}}