{"id":1028,"date":"2019-07-07T18:20:16","date_gmt":"2019-07-07T18:20:16","guid":{"rendered":"http:\/\/manuela-schwab.de\/?page_id=1028"},"modified":"2023-01-09T19:56:17","modified_gmt":"2023-01-09T19:56:17","slug":"ueber-mich","status":"publish","type":"page","link":"https:\/\/manuela-schwab.de\/?page_id=1028","title":{"rendered":"\u00dcber mich"},"content":{"rendered":"\t\t<div data-elementor-type=\"wp-post\" data-elementor-id=\"1028\" class=\"elementor elementor-1028\">\n\t\t\t\t\t\t\t\t\t<section class=\"elementor-section elementor-top-section elementor-element elementor-element-58b4e0b elementor-section-boxed elementor-section-height-default elementor-section-height-default\" data-id=\"58b4e0b\" data-element_type=\"section\">\n\t\t\t\t\t\t<div class=\"elementor-container elementor-column-gap-default\">\n\t\t\t\t\t<div class=\"elementor-column elementor-col-100 elementor-top-column elementor-element elementor-element-d5a288c\" data-id=\"d5a288c\" data-element_type=\"column\">\n\t\t\t<div class=\"elementor-widget-wrap elementor-element-populated\">\n\t\t\t\t\t\t\t\t<div class=\"elementor-element elementor-element-dab3045 elementor-widget elementor-widget-image\" data-id=\"dab3045\" data-element_type=\"widget\" data-widget_type=\"image.default\">\n\t\t\t\t<div class=\"elementor-widget-container\">\n\t\t\t\t\t\t\t\t\t\t\t\t\t\t\t<img decoding=\"async\" loading=\"lazy\" width=\"300\" height=\"200\" src=\"https:\/\/manuela-schwab.de\/wp-content\/uploads\/2022\/01\/DSC_8022-300x200.jpg\" class=\"attachment-medium size-medium wp-image-1252\" alt=\"\" srcset=\"https:\/\/manuela-schwab.de\/wp-content\/uploads\/2022\/01\/DSC_8022-300x200.jpg 300w, https:\/\/manuela-schwab.de\/wp-content\/uploads\/2022\/01\/DSC_8022-1024x683.jpg 1024w, https:\/\/manuela-schwab.de\/wp-content\/uploads\/2022\/01\/DSC_8022-768x513.jpg 768w, https:\/\/manuela-schwab.de\/wp-content\/uploads\/2022\/01\/DSC_8022-1536x1025.jpg 1536w, https:\/\/manuela-schwab.de\/wp-content\/uploads\/2022\/01\/DSC_8022-2048x1367.jpg 2048w, https:\/\/manuela-schwab.de\/wp-content\/uploads\/2022\/01\/DSC_8022-60x40.jpg 60w, https:\/\/manuela-schwab.de\/wp-content\/uploads\/2022\/01\/DSC_8022-980x654.jpg 980w, https:\/\/manuela-schwab.de\/wp-content\/uploads\/2022\/01\/DSC_8022-700x467.jpg 700w\" sizes=\"(max-width: 300px) 100vw, 300px\" \/>\t\t\t\t\t\t\t\t\t\t\t\t\t\t\t<\/div>\n\t\t\t\t<\/div>\n\t\t\t\t<div class=\"elementor-element elementor-element-53ee6cfa elementor-widget elementor-widget-text-editor\" data-id=\"53ee6cfa\" data-element_type=\"widget\" data-widget_type=\"text-editor.default\">\n\t\t\t\t<div class=\"elementor-widget-container\">\n\t\t\t\t\t\t\t<p><!-- wp:paragraph --><\/p>\n<p>Leichtw\u00e4rts Zentrierungscoaching by Manuela Schwab\u00a0<\/p>\n<p><!-- \/wp:paragraph --><\/p>\n<p><!-- wp:paragraph --><\/p>\n<p>Meine Vision ist es, Dich mit meinem inspirierten Herzen in Dein Potential zu bringen, den Sternenstaub in Dir wieder zu aktivieren und Dich in Deiner urspr\u00fcnglichsten Form in Liebe funkeln zu sehen!<\/p>\n<p><!-- \/wp:paragraph --><\/p>\n<p><!-- wp:paragraph --><\/p>\n<p>Komm mit mir auf eine spannende Reise zu Dir selbst!\u00a0<\/p>\n<p><!-- \/wp:paragraph --><\/p>\n<p><!-- wp:paragraph --><\/p>\n<p>&#8222;Sei! Versuche nicht zu werden!&#8220; (Osho)\u00a0<\/p>\n<p><!-- \/wp:paragraph --><\/p>\n<p><!-- wp:paragraph --><\/p>\n<p>Und nehme Dich an mit allem was Du bist \u2013 nur so wirst Du wieder ganz!<\/p>\n<p><!-- \/wp:paragraph --><\/p>\n<p><!-- wp:paragraph --><\/p>\n<p>Als Mutter von vier Jungs (*2009 *2012 *2014 und *2018) kenne ich die Herausforderungen des Alltags, den Balanceakt zwischen Familie und Beruf und bestimmt auch viele Schattenseiten vom Kind-Sein, Erwachsen-Werden und Eltern-Sein!<\/p>\n<p><!-- \/wp:paragraph --><\/p>\n<p><!-- wp:paragraph --><\/p>\n<p>\u201eMit einer handvoll Sternenstaub\u201c in der Tasche habe ich gelernt, mich nicht vom Au\u00dfen beirren zu lassen, meiner Intuition zu vertrauen und meinem Herzen zu folgen &#8211; in all meiner Gef\u00fchlsf\u00fclle!<\/p>\n<p><!-- \/wp:paragraph --><\/p>\n<p><!-- wp:paragraph --><\/p>\n<p>Ich wei\u00df, es ist nie zu sp\u00e4t, so zu sein, wie man gerne gewesen w\u00e4re!<\/p>\n<p><!-- \/wp:paragraph --><\/p>\n<p><!-- wp:paragraph --><\/p>\n<p>Der Moment, in dem Du aufgeben m\u00f6chtest, ist meist genau der Moment, bevor der Zauber des Neuen beginnt!\u00a0<\/p>\n<p><!-- \/wp:paragraph --><\/p>\n<p><!-- wp:paragraph --><\/p>\n<p>Ich nehme Dich an die Hand und f\u00fchre Dich zu Deinem inneren Schatz.<\/p>\n<p><!-- \/wp:paragraph --><\/p>\n<p><!-- wp:paragraph --><\/p>\n<p>Die L\u00f6sung ist da! In Dir! Gemeinsam finden wir sie!\u00a0<\/p>\n<p><!-- \/wp:paragraph --><\/p>\n<p><!-- wp:paragraph --><\/p>\n<p>Und jenseits von Richtig und Falsch liegt ein Garten &#8211; dort werden wir uns begegnen! (Rumi)<\/p>\n<p><!-- \/wp:paragraph --><\/p>\t\t\t\t\t\t<\/div>\n\t\t\t\t<\/div>\n\t\t\t\t\t<\/div>\n\t\t<\/div>\n\t\t\t\t\t\t\t<\/div>\n\t\t<\/section>\n\t\t\t\t\t\t\t<\/div>\n\t\t","protected":false},"excerpt":{"rendered":"<p>Leichtw\u00e4rts Zentrierungscoaching by Manuela Schwab\u00a0 Meine Vision ist es, Dich mit meinem inspirierten Herzen in Dein Potential zu bringen, den Sternenstaub in Dir wieder zu aktivieren und Dich in Deiner&#8230;<\/p>\n","protected":false},"author":1,"featured_media":0,"parent":0,"menu_order":0,"comment_status":"closed","ping_status":"closed","template":"","meta":{"footnotes":""},"_links":{"self":[{"href":"https:\/\/manuela-schwab.de\/index.php?rest_route=\/wp\/v2\/pages\/1028"}],"collection":[{"href":"https:\/\/manuela-schwab.de\/index.php?rest_route=\/wp\/v2\/pages"}],"about":[{"href":"https:\/\/manuela-schwab.de\/index.php?rest_route=\/wp\/v2\/types\/page"}],"author":[{"embeddable":true,"href":"https:\/\/manuela-schwab.de\/index.php?rest_route=\/wp\/v2\/users\/1"}],"replies":[{"embeddable":true,"href":"https:\/\/manuela-schwab.de\/index.php?rest_route=%2Fwp%2Fv2%2Fcomments&post=1028"}],"version-history":[{"count":19,"href":"https:\/\/manuela-schwab.de\/index.php?rest_route=\/wp\/v2\/pages\/1028\/revisions"}],"predecessor-version":[{"id":1628,"href":"https:\/\/manuela-schwab.de\/index.php?rest_route=\/wp\/v2\/pages\/1028\/revisions\/1628"}],"wp:attachment":[{"href":"https:\/\/manuela-schwab.de\/index.php?rest_route=%2Fwp%2Fv2%2Fmedia&parent=1028"}],"curies":[{"name":"wp","href":"https:\/\/api.w.org\/{rel}","templated":true}]}}