{"id":1026,"date":"2019-07-07T18:19:53","date_gmt":"2019-07-07T18:19:53","guid":{"rendered":"http:\/\/manuela-schwab.de\/?page_id=1026"},"modified":"2023-01-17T20:25:12","modified_gmt":"2023-01-17T20:25:12","slug":"7-workshoptermine","status":"publish","type":"page","link":"https:\/\/manuela-schwab.de\/?page_id=1026","title":{"rendered":"Workshops"},"content":{"rendered":"\n<p><\/p>\n\n\n\n<p class=\"has-large-font-size\"><strong>Mutterleicht\u00a9 Workshop<\/strong><\/p>\n\n\n\n<p><em>\u201eDie Liebe meines Lebens nennt mich MAMA!\u201c<\/em><br><em>Nat\u00fcrlich bist Du gerne Mama \u2013 mit ganzem Herzen sogar! Aber vielleicht sp\u00fcrst auch Du, dass Dir ein wenig Elan fehlt, Dir die Leichtigkeit abhanden gekommen ist!? Und dann denkst Du Dir vielleicht, dass das ganz \u201enormal\u201c ist, weil die Kinder noch klein sind, die W\u00e4scheberge in den Himmel wachsen, vielleicht sogar gerade die Steuer gemacht werden muss und in der Firma auch noch im Moment der B\u00e4r steppt\u2026<\/em><\/p>\n\n\n\n<p><em>Und pl\u00f6tzlich bist Du drin\u2026 im Mami-Strudel des Alltags!<br><\/em>Wir M\u00fctter tendieren dazu, uns um Jeden und Alles zu k\u00fcmmern, nur nicht um uns selbst!&nbsp;<\/p>\n\n\n\n<p>Aufopfern f\u00fcr andere Menschen, f\u00fcr Deine Kinder, f\u00fcr Deine Eltern, f\u00fcr Deinen Partner, f\u00fcr Deinen Job\u2026<\/p>\n\n\n\n<p>Das ist \u00fcbrigens eine hervorragende M\u00f6glichkeit, NICHT f\u00fcr Dich selbst und Dein eigenes Licht zu sorgen.&nbsp;<\/p>\n\n\n\n<p>Doch Letzteres ist unerl\u00e4sslich, wenn Du ein leichtes und erf\u00fclltes Leben genie\u00dfen m\u00f6chtest.&nbsp;<\/p>\n\n\n\n<p>Denn:<\/p>\n\n\n\n<p>\u201eNur wer sich selbst gut bemuttern kann, kann eine gute Mutter sein!\u201c<\/p>\n\n\n\n<p>Um uns selbst jedoch gut bemuttern zu k\u00f6nnen, ist es unerl\u00e4sslich, uns Raum und Zeit f\u00fcr uns selbst zu nehmen. Raum und Zeit, um hinzusp\u00fcren, was in uns gelebt werden m\u00f6chte und was unserer Aufmerksamkeit bedarf. \u201eZur\u00fcck zu Dir\u201c, hei\u00dft wieder ganz bei Dir selbst ankommen. Dich und Deine Bed\u00fcrfnisse sp\u00fcren und leben.&nbsp;<\/p>\n\n\n\n<p>Das Leben mit Kindern darf LEICHT sein \u2013 nicht nur f\u00fcr Deine Kinder, auch f\u00fcr DICH!<\/p>\n\n\n\n<p>Finde einen Weg f\u00fcr Dich, auf Deine ganz eigene Art eine gl\u00fcckliche und zufriedene Mutter und Frau zu sein!<\/p>\n\n\n\n<p>Dir Raum und Zeit f\u00fcr Dich zu nehmen ist ein Geschenk an Dich selbst. Ein Zeichen Deiner Wertsch\u00e4tzung Dir selbst gegen\u00fcber und bildet eine wichtige Grundlage f\u00fcr ein harmonisches Familienleben.&nbsp;<\/p>\n\n\n\n<p>Finde im Kreis anderer M\u00fctter im Mutterleicht\u00a9 Workshop Deine Leichtigkeit im Alltag mit all seiner Gef\u00fchlsf\u00fclle.<\/p>\n\n\n\n<p><\/p>\n\n\n\n<p>&#8211; Termine folgen, individuelle Termine und Einzelsetting auf Anfrage &#8211;<\/p>\n\n\n\n<p><\/p>\n\n\n\n<p class=\"has-large-font-size\"><strong>KinFlex\u00ae Reflextherapie und V.E.N.U.S.\u00ae Zentrierungstherapie<\/strong><\/p>\n\n\n\n<p><\/p>\n\n\n\n<p>Bei Interesse an der Ausbildung KinFlex\u00ae Reflextherapie und \/ oder der V.E.N.U.S.\u00ae Zentrierungstherapie schaue bitte auf www.kinflex.de.<\/p>\n","protected":false},"excerpt":{"rendered":"<p>Mutterleicht\u00a9 Workshop \u201eDie Liebe meines Lebens nennt mich MAMA!\u201cNat\u00fcrlich bist Du gerne Mama \u2013 mit ganzem Herzen sogar! Aber vielleicht sp\u00fcrst auch Du, dass Dir ein wenig Elan fehlt, Dir&#8230;<\/p>\n","protected":false},"author":1,"featured_media":0,"parent":0,"menu_order":0,"comment_status":"closed","ping_status":"closed","template":"","meta":{"footnotes":""},"_links":{"self":[{"href":"https:\/\/manuela-schwab.de\/index.php?rest_route=\/wp\/v2\/pages\/1026"}],"collection":[{"href":"https:\/\/manuela-schwab.de\/index.php?rest_route=\/wp\/v2\/pages"}],"about":[{"href":"https:\/\/manuela-schwab.de\/index.php?rest_route=\/wp\/v2\/types\/page"}],"author":[{"embeddable":true,"href":"https:\/\/manuela-schwab.de\/index.php?rest_route=\/wp\/v2\/users\/1"}],"replies":[{"embeddable":true,"href":"https:\/\/manuela-schwab.de\/index.php?rest_route=%2Fwp%2Fv2%2Fcomments&post=1026"}],"version-history":[{"count":6,"href":"https:\/\/manuela-schwab.de\/index.php?rest_route=\/wp\/v2\/pages\/1026\/revisions"}],"predecessor-version":[{"id":1579,"href":"https:\/\/manuela-schwab.de\/index.php?rest_route=\/wp\/v2\/pages\/1026\/revisions\/1579"}],"wp:attachment":[{"href":"https:\/\/manuela-schwab.de\/index.php?rest_route=%2Fwp%2Fv2%2Fmedia&parent=1026"}],"curies":[{"name":"wp","href":"https:\/\/api.w.org\/{rel}","templated":true}]}}