{"id":1024,"date":"2019-07-07T18:19:39","date_gmt":"2019-07-07T18:19:39","guid":{"rendered":"http:\/\/manuela-schwab.de\/?page_id=1024"},"modified":"2023-01-09T19:48:07","modified_gmt":"2023-01-09T19:48:07","slug":"methoden","status":"publish","type":"page","link":"https:\/\/manuela-schwab.de\/?page_id=1024","title":{"rendered":"Methoden"},"content":{"rendered":"\t\t<div data-elementor-type=\"wp-page\" data-elementor-id=\"1024\" class=\"elementor elementor-1024\">\n\t\t\t\t\t\t\t\t\t<section class=\"elementor-section elementor-top-section elementor-element elementor-element-53fa32f5 elementor-section-boxed elementor-section-height-default elementor-section-height-default\" data-id=\"53fa32f5\" data-element_type=\"section\">\n\t\t\t\t\t\t<div class=\"elementor-container elementor-column-gap-default\">\n\t\t\t\t\t<div class=\"elementor-column elementor-col-100 elementor-top-column elementor-element elementor-element-791b8f06\" data-id=\"791b8f06\" data-element_type=\"column\">\n\t\t\t<div class=\"elementor-widget-wrap elementor-element-populated\">\n\t\t\t\t\t\t\t\t<div class=\"elementor-element elementor-element-f903885 elementor-widget__width-initial elementor-widget elementor-widget-image\" data-id=\"f903885\" data-element_type=\"widget\" data-widget_type=\"image.default\">\n\t\t\t\t<div class=\"elementor-widget-container\">\n\t\t\t\t\t\t\t\t\t\t\t\t\t\t\t<img decoding=\"async\" loading=\"lazy\" width=\"592\" height=\"394\" src=\"https:\/\/manuela-schwab.de\/wp-content\/uploads\/2017\/01\/athenathemes-tribe-4.jpg\" class=\"attachment-large size-large wp-image-728\" alt=\"\" srcset=\"https:\/\/manuela-schwab.de\/wp-content\/uploads\/2017\/01\/athenathemes-tribe-4.jpg 640w, https:\/\/manuela-schwab.de\/wp-content\/uploads\/2017\/01\/athenathemes-tribe-4-300x200.jpg 300w, https:\/\/manuela-schwab.de\/wp-content\/uploads\/2017\/01\/athenathemes-tribe-4-60x40.jpg 60w, https:\/\/manuela-schwab.de\/wp-content\/uploads\/2017\/01\/athenathemes-tribe-4-600x399.jpg 600w\" sizes=\"(max-width: 592px) 100vw, 592px\" \/>\t\t\t\t\t\t\t\t\t\t\t\t\t\t\t<\/div>\n\t\t\t\t<\/div>\n\t\t\t\t<div class=\"elementor-element elementor-element-73809995 elementor-widget elementor-widget-text-editor\" data-id=\"73809995\" data-element_type=\"widget\" data-widget_type=\"text-editor.default\">\n\t\t\t\t<div class=\"elementor-widget-container\">\n\t\t\t\t\t\t\t<p><!-- wp:paragraph --><\/p>\n<p><b>Kinder- und Jugendcoaching sowie Systemisches Familiencoaching<\/b><\/p>\n<p><!-- \/wp:paragraph --><\/p>\n<p><!-- wp:paragraph --><\/p>\n<p>Ich bin ausgebildeter Kinder- und Jugendcoach, systemischer Familiencoach, <b>Mutterleicht\u00a9 Trainerin <\/b>und <b>PureLife CentorIN\u00a9 <\/b>und begleite Dich und Deine Familie in Eurer individuellen Einzigartigkeit.<\/p>\n<p><!-- \/wp:paragraph --><\/p>\n<p><!-- wp:paragraph --><\/p>\n<p><b>Marte Meo Beratung<\/b><\/p>\n<p><!-- \/wp:paragraph --><\/p>\n<p><!-- wp:paragraph --><\/p>\n<p>Anhand der MARTE MEO-Elemente werden mit den Eltern, Lehrern, Betreuern ma\u00dfgeschneiderte entwicklungsf\u00f6rdernde Kommunikationsweisen erarbeitet &#8211; denn hinter jedem &#8222;unerw\u00fcnschten&#8220; Verhalten steckt eine individuelle Entwicklungsbotschaft! Lass sie und gemeinsam finden und Dein Kind entsprechend f\u00f6rdern!<\/p>\n<p><!-- \/wp:paragraph --><\/p>\n<p><!-- wp:paragraph --><\/p>\n<p><b>KinFlex\u00ae Kinesiologische Reflextherapie<\/b><\/p>\n<p><!-- \/wp:paragraph --><\/p>\n<p><!-- wp:paragraph --><\/p>\n<p>Gemeinsam mit Eva Laier bin ich Begr\u00fcnderin der KinFlex\u00ae Reflextherapie, der V.E.N.U.S.\u00ae Zentrierungstherapie, LiBRA\u00ae Balancebewegungen in Gruppen &nbsp;und der Marke KinFlex. Gemeinsam mit ihr leite ich das KinFlex Institut f\u00fcr kinesiologische Reflextherapie &amp; Zentrierung.<\/p>\n<p><!-- \/wp:paragraph --><\/p>\n<p><!-- wp:paragraph --><\/p>\n<p>Mit der KinFlex\u00ae Reflextherapie entstressen und zentrieren wir die fr\u00fchkindliche Reflexentwicklung, die f\u00fcr den Aufrichtungsprozess verantwortlich sind auf eine sanfte, schnelle und effektive Weise.<\/p>\n<p><!-- \/wp:paragraph --><\/p>\n<p><!-- wp:paragraph --><\/p>\n<p>V.E.N.U.S.\u00ae Zentrierungstherapie (V *er\u00e4nderung von E *nergie, N *ullpunkt und U *rsprung im S *ystem). W\u00e4hrend mir mit der KinFlex\u00ae Reflextherapie die fr\u00fchkindliche Reflexentwicklung entstressen und zentrieren, widmen wir und mit der V.E.N.U.S.\u00ae Zentrierungstherapie den Lebensthemen, die f\u00fcr Blockaden in unserem Leben verantwortlich sein k\u00f6nnen.<\/p>\n<p><!-- \/wp:paragraph --><\/p>\t\t\t\t\t\t<\/div>\n\t\t\t\t<\/div>\n\t\t\t\t\t<\/div>\n\t\t<\/div>\n\t\t\t\t\t\t\t<\/div>\n\t\t<\/section>\n\t\t\t\t\t\t\t<\/div>\n\t\t","protected":false},"excerpt":{"rendered":"<p>Kinder- und Jugendcoaching sowie Systemisches Familiencoaching Ich bin ausgebildeter Kinder- und Jugendcoach, systemischer Familiencoach, Mutterleicht\u00a9 Trainerin und PureLife CentorIN\u00a9 und begleite Dich und Deine Familie in Eurer individuellen Einzigartigkeit. Marte&#8230;<\/p>\n","protected":false},"author":1,"featured_media":0,"parent":0,"menu_order":0,"comment_status":"closed","ping_status":"closed","template":"","meta":{"footnotes":""},"_links":{"self":[{"href":"https:\/\/manuela-schwab.de\/index.php?rest_route=\/wp\/v2\/pages\/1024"}],"collection":[{"href":"https:\/\/manuela-schwab.de\/index.php?rest_route=\/wp\/v2\/pages"}],"about":[{"href":"https:\/\/manuela-schwab.de\/index.php?rest_route=\/wp\/v2\/types\/page"}],"author":[{"embeddable":true,"href":"https:\/\/manuela-schwab.de\/index.php?rest_route=\/wp\/v2\/users\/1"}],"replies":[{"embeddable":true,"href":"https:\/\/manuela-schwab.de\/index.php?rest_route=%2Fwp%2Fv2%2Fcomments&post=1024"}],"version-history":[{"count":14,"href":"https:\/\/manuela-schwab.de\/index.php?rest_route=\/wp\/v2\/pages\/1024\/revisions"}],"predecessor-version":[{"id":1570,"href":"https:\/\/manuela-schwab.de\/index.php?rest_route=\/wp\/v2\/pages\/1024\/revisions\/1570"}],"wp:attachment":[{"href":"https:\/\/manuela-schwab.de\/index.php?rest_route=%2Fwp%2Fv2%2Fmedia&parent=1024"}],"curies":[{"name":"wp","href":"https:\/\/api.w.org\/{rel}","templated":true}]}}