{"id":1022,"date":"2019-07-07T18:12:41","date_gmt":"2019-07-07T18:12:41","guid":{"rendered":"http:\/\/manuela-schwab.de\/?page_id=1022"},"modified":"2022-06-13T18:53:04","modified_gmt":"2022-06-13T18:53:04","slug":"5-schuelerleicht","status":"publish","type":"page","link":"https:\/\/manuela-schwab.de\/?page_id=1022","title":{"rendered":"Sch\u00fclerLeicht"},"content":{"rendered":"\t\t<div data-elementor-type=\"wp-page\" data-elementor-id=\"1022\" class=\"elementor elementor-1022\">\n\t\t\t\t\t\t\t\t\t<section class=\"elementor-section elementor-top-section elementor-element elementor-element-7eec18f9 elementor-section-boxed elementor-section-height-default elementor-section-height-default\" data-id=\"7eec18f9\" data-element_type=\"section\">\n\t\t\t\t\t\t<div class=\"elementor-container elementor-column-gap-default\">\n\t\t\t\t\t<div class=\"elementor-column elementor-col-100 elementor-top-column elementor-element elementor-element-4b13e31a\" data-id=\"4b13e31a\" data-element_type=\"column\">\n\t\t\t<div class=\"elementor-widget-wrap elementor-element-populated\">\n\t\t\t\t\t\t\t\t<div class=\"elementor-element elementor-element-63ea86b elementor-widget elementor-widget-image\" data-id=\"63ea86b\" data-element_type=\"widget\" data-widget_type=\"image.default\">\n\t\t\t\t<div class=\"elementor-widget-container\">\n\t\t\t\t\t\t\t\t\t\t\t\t\t\t\t<img decoding=\"async\" loading=\"lazy\" width=\"500\" height=\"320\" src=\"https:\/\/manuela-schwab.de\/wp-content\/uploads\/2022\/01\/Design-ohne-Titel-7-500x320.png\" class=\"attachment-tribe-500 size-tribe-500 wp-image-1441\" alt=\"\" srcset=\"https:\/\/manuela-schwab.de\/wp-content\/uploads\/2022\/01\/Design-ohne-Titel-7-500x320.png 500w, https:\/\/manuela-schwab.de\/wp-content\/uploads\/2022\/01\/Design-ohne-Titel-7-940x600.png 940w\" sizes=\"(max-width: 500px) 100vw, 500px\" \/>\t\t\t\t\t\t\t\t\t\t\t\t\t\t\t<\/div>\n\t\t\t\t<\/div>\n\t\t\t\t<div class=\"elementor-element elementor-element-20bad120 elementor-widget elementor-widget-text-editor\" data-id=\"20bad120\" data-element_type=\"widget\" data-widget_type=\"text-editor.default\">\n\t\t\t\t<div class=\"elementor-widget-container\">\n\t\t\t\t\t\t\t<p><!-- wp:paragraph --><\/p>\n<p>Du stehst kurz vor dem Wechsel in die weiterf\u00fchrende Schule oder willst bald ins Berufsleben einsteigen?<\/p>\n<p><!-- \/wp:paragraph --><\/p>\n<p><!-- wp:paragraph --><\/p>\n<p>Ich unterst\u00fctze und begleite Dich gerne!<\/p>\n<p><!-- \/wp:paragraph --><\/p>\n<p><!-- wp:paragraph --><\/p>\n<p>Der \u201en\u00e4chste Schritt\u201c macht neben der generellen Vorfreude auch oft Angst!<\/p>\n<p><!-- \/wp:paragraph --><\/p>\n<p><!-- wp:paragraph --><\/p>\n<p>Angst, die richtige Entscheidung getroffen zu haben!<\/p>\n<p><!-- \/wp:paragraph --><\/p>\n<p><!-- wp:paragraph --><\/p>\n<p>Angst, zu versagen!<\/p>\n<p><!-- \/wp:paragraph --><\/p>\n<p><!-- wp:paragraph --><\/p>\n<p>Angst, keine neuen Freunde zu finden!<\/p>\n<p><!-- \/wp:paragraph --><\/p>\n<p><!-- wp:paragraph --><\/p>\n<p>Angst vor dem Neuen, Unbekannten!<\/p>\n<p><!-- \/wp:paragraph --><\/p>\n<p><!-- wp:paragraph --><\/p>\n<p>Oft sind es aber auch Symptomatiken von AD(H)S, Lese-Rechtschreibschw\u00e4che und Dyskalkulie, die die Vorfreude auf den n\u00e4chsten Schritt tr\u00fcben!<\/p>\n<p><!-- \/wp:paragraph --><\/p>\n<p><!-- wp:paragraph --><\/p>\n<p>Mit meinem Sch\u00fclerLeicht Programm begleite ich Dich bei Deinen wichtigen Fragen, \u00c4ngsten und Entscheidungen!&nbsp;<\/p>\n<p><!-- \/wp:paragraph --><\/p>\n<p><!-- wp:paragraph --><\/p>\n<p>Ich helfe Dir, \u00c4ngste und Blockaden zu l\u00f6sen, Deine Vision zu finden unter Ber\u00fccksichtigung Deiner St\u00e4rken, Talente und Interessen! Ich werde Dich auf die H\u00fcrden vorbereiten, die Dich bei Deinem n\u00e4chsten Schritt erwarten k\u00f6nnen, damit du sie mit Leichtigkeit meistern kannst!&nbsp;<\/p>\n<p><!-- \/wp:paragraph --><\/p>\n<p><!-- wp:paragraph --><\/p>\n<p>Wir werden Deine Gedanken sortieren, Deine Pers\u00f6nlichkeit und Individualit\u00e4t st\u00e4rken und Dich fit f\u00fcr Dein Vorstellungsgespr\u00e4ch oder Deinen Schulwechsel machen.<\/p>\n<p><!-- \/wp:paragraph --><\/p>\n<p><!-- wp:paragraph --><\/p>\n<p>Sch\u00fclerLeicht verbindet Coaching zur Pers\u00f6nlichkeitsentwicklung und -Entfaltung mit Reflextherapie damit Du ganzheitlich -k\u00f6rperlich und geistig- fit bist f\u00fcr Deinen n\u00e4chsten Schritt!<\/p>\n<p><!-- \/wp:paragraph --><\/p>\n<p><!-- wp:paragraph --><\/p>\n<p>Denn, wenn es das Beste in Dir zum Vorschein bringt, Dich lebendig macht und zum Funkeln bringt, dann bist Du auf dem richtigen Weg!<\/p>\n<p><!-- \/wp:paragraph --><\/p>\t\t\t\t\t\t<\/div>\n\t\t\t\t<\/div>\n\t\t\t\t\t<\/div>\n\t\t<\/div>\n\t\t\t\t\t\t\t<\/div>\n\t\t<\/section>\n\t\t\t\t\t\t\t<\/div>\n\t\t","protected":false},"excerpt":{"rendered":"<p>Du stehst kurz vor dem Wechsel in die weiterf\u00fchrende Schule oder willst bald ins Berufsleben einsteigen? Ich unterst\u00fctze und begleite Dich gerne! Der \u201en\u00e4chste Schritt\u201c macht neben der generellen Vorfreude&#8230;<\/p>\n","protected":false},"author":1,"featured_media":0,"parent":0,"menu_order":0,"comment_status":"closed","ping_status":"closed","template":"","meta":{"footnotes":""},"_links":{"self":[{"href":"https:\/\/manuela-schwab.de\/index.php?rest_route=\/wp\/v2\/pages\/1022"}],"collection":[{"href":"https:\/\/manuela-schwab.de\/index.php?rest_route=\/wp\/v2\/pages"}],"about":[{"href":"https:\/\/manuela-schwab.de\/index.php?rest_route=\/wp\/v2\/types\/page"}],"author":[{"embeddable":true,"href":"https:\/\/manuela-schwab.de\/index.php?rest_route=\/wp\/v2\/users\/1"}],"replies":[{"embeddable":true,"href":"https:\/\/manuela-schwab.de\/index.php?rest_route=%2Fwp%2Fv2%2Fcomments&post=1022"}],"version-history":[{"count":11,"href":"https:\/\/manuela-schwab.de\/index.php?rest_route=\/wp\/v2\/pages\/1022\/revisions"}],"predecessor-version":[{"id":1538,"href":"https:\/\/manuela-schwab.de\/index.php?rest_route=\/wp\/v2\/pages\/1022\/revisions\/1538"}],"wp:attachment":[{"href":"https:\/\/manuela-schwab.de\/index.php?rest_route=%2Fwp%2Fv2%2Fmedia&parent=1022"}],"curies":[{"name":"wp","href":"https:\/\/api.w.org\/{rel}","templated":true}]}}