{"id":1020,"date":"2019-07-07T18:12:31","date_gmt":"2019-07-07T18:12:31","guid":{"rendered":"http:\/\/manuela-schwab.de\/?page_id=1020"},"modified":"2022-01-15T09:54:26","modified_gmt":"2022-01-15T09:54:26","slug":"4-lehrerleicht","status":"publish","type":"page","link":"https:\/\/manuela-schwab.de\/?page_id=1020","title":{"rendered":"LehrerLeicht"},"content":{"rendered":"\t\t<div data-elementor-type=\"wp-post\" data-elementor-id=\"1020\" class=\"elementor elementor-1020\">\n\t\t\t\t\t\t\t\t\t<section class=\"elementor-section elementor-top-section elementor-element elementor-element-38a150b3 elementor-section-boxed elementor-section-height-default elementor-section-height-default\" data-id=\"38a150b3\" data-element_type=\"section\">\n\t\t\t\t\t\t<div class=\"elementor-container elementor-column-gap-default\">\n\t\t\t\t\t<div class=\"elementor-column elementor-col-100 elementor-top-column elementor-element elementor-element-430f89bf\" data-id=\"430f89bf\" data-element_type=\"column\">\n\t\t\t<div class=\"elementor-widget-wrap elementor-element-populated\">\n\t\t\t\t\t\t\t\t<div class=\"elementor-element elementor-element-ee48ca7 elementor-widget elementor-widget-image\" data-id=\"ee48ca7\" data-element_type=\"widget\" data-widget_type=\"image.default\">\n\t\t\t\t<div class=\"elementor-widget-container\">\n\t\t\t\t\t\t\t\t\t\t\t\t\t\t\t<img decoding=\"async\" loading=\"lazy\" width=\"300\" height=\"251\" src=\"https:\/\/manuela-schwab.de\/wp-content\/uploads\/2022\/01\/Design-ohne-Titel-8-300x251.png\" class=\"attachment-medium size-medium wp-image-1457\" alt=\"\" srcset=\"https:\/\/manuela-schwab.de\/wp-content\/uploads\/2022\/01\/Design-ohne-Titel-8-300x251.png 300w, https:\/\/manuela-schwab.de\/wp-content\/uploads\/2022\/01\/Design-ohne-Titel-8-768x644.png 768w, https:\/\/manuela-schwab.de\/wp-content\/uploads\/2022\/01\/Design-ohne-Titel-8-60x50.png 60w, https:\/\/manuela-schwab.de\/wp-content\/uploads\/2022\/01\/Design-ohne-Titel-8-700x587.png 700w, https:\/\/manuela-schwab.de\/wp-content\/uploads\/2022\/01\/Design-ohne-Titel-8.png 940w\" sizes=\"(max-width: 300px) 100vw, 300px\" \/>\t\t\t\t\t\t\t\t\t\t\t\t\t\t\t<\/div>\n\t\t\t\t<\/div>\n\t\t\t\t<div class=\"elementor-element elementor-element-2ab3e6c9 elementor-widget elementor-widget-text-editor\" data-id=\"2ab3e6c9\" data-element_type=\"widget\" data-widget_type=\"text-editor.default\">\n\t\t\t\t<div class=\"elementor-widget-container\">\n\t\t\t\t\t\t\t<p><!-- wp:paragraph --><\/p>\n<p>Liebe zu den Sch\u00fclern \u2013 Liebe zum Beruf<\/p>\n<p><!-- \/wp:paragraph --><\/p>\n<p><!-- wp:paragraph --><\/p>\n<p>Lehrersein ist ebenso wie Elternsein eine wundersch\u00f6ne Aufgabe, wenn man Freude am Wachstum und an der Entwicklung junger Menschen hat.<\/p>\n<p><!-- \/wp:paragraph --><\/p>\n<p><!-- wp:paragraph --><\/p>\n<p>Das erfordert von Lehrern genauso Geduld wie von den Eltern.<\/p>\n<p><!-- \/wp:paragraph --><\/p>\n<p><!-- wp:paragraph --><\/p>\n<p>Um die Liebe zum Beruf erhalten zu k\u00f6nnen, kann ein guter Lehrer neben einer fundierten fachlichen Ausbildung und der Freude, jungen Menschen bei Ihrer Entwicklung zu f\u00f6rdern und zu begleiten optimalerweise auch auf seine grunds\u00e4tzliche Menschenliebe zur\u00fcckgreifen.<\/p>\n<p><!-- \/wp:paragraph --><\/p>\n<p><!-- wp:paragraph --><\/p>\n<p>Kinder und Jugendliche bei ihrer Pers\u00f6nlichkeitsentwicklung und ihrem langj\u00e4hrigen Prozess des Erwachsenwerdens zu unterst\u00fctzen ist Ihre Berufung!<\/p>\n<p><!-- \/wp:paragraph --><\/p>\n<p><!-- wp:paragraph --><\/p>\n<p>Eben weil unsere Kinder keine \u201eLernmaschinen\u201c oder \u201eLerncomputer\u201c sind.<\/p>\n<p><!-- \/wp:paragraph --><\/p>\n<p><!-- wp:paragraph --><\/p>\n<p>Bei mir sind Sie genau richtig, wenn sie KEIN \u201eLern-Manager\u201c oder \u201eWissens-Operator\u201c sind!<\/p>\n<p><!-- \/wp:paragraph --><\/p>\n<p><!-- wp:paragraph --><\/p>\n<p>Wenn Sie mit vollem Herzen hinter Ihrem Beruf, Ihrer Berufung stehen und eine gl\u00fcckliche neue Generation beim Heranwachsen begleiten und unterst\u00fctzen wollen \u2013 f\u00fcr unser aller Zukunft mit mehr Herz, Verstand und Lebendigkeit!<\/p>\n<p><!-- \/wp:paragraph --><\/p>\n<p><!-- wp:paragraph --><\/p>\n<p>Ich helfe Ihnen, die jungen Menschen ganzheitlich wahrzunehmen, zu bilden und zu f\u00f6rdern \u2013 K\u00f6rper, Geist und Seele wahrnehmen mit ihren Gef\u00fchlen, Empfindungen und Bed\u00fcrfnissen. Gemeinsam bringen wir Spa\u00df in der Schule und Freude am Lernen zur\u00fcck! F\u00fcr eine neue Generation, junger Weltenverbesserer und Vision\u00e4ren\u2026<\/p>\n<p><!-- \/wp:paragraph --><\/p>\n<p><!-- wp:paragraph --><\/p>\n<p>Geben Sie jedem Ihrer Sch\u00fcler eine handvoll Sternenstaub mit auf ihren Weg mit meinem LehrerLeicht Programm!<\/p>\n<p><!-- \/wp:paragraph --><\/p>\n<p><!-- wp:paragraph --><\/p>\n<p>Sie bekommen Methoden an die Hand, um Ihren Sch\u00fclern aus Schul- und Pr\u00fcfungsangst zu helfen, hinderliche Glaubenss\u00e4tze Ihrer Sch\u00fcler zu transformieren und deren Konzentration zu f\u00f6rdern.\u00a0<\/p>\n<p><!-- \/wp:paragraph --><\/p>\n<p><!-- wp:paragraph --><\/p>\n<p>Machen Sie sich und Ihren Sch\u00fclern das Leben leichter\u2026 und bestimmt kommt auch ein bisschen mehr Sternenstaub in Ihrer Klasse \ud83d\ude09<\/p>\n<p><!-- \/wp:paragraph --><\/p>\t\t\t\t\t\t<\/div>\n\t\t\t\t<\/div>\n\t\t\t\t<div class=\"elementor-element elementor-element-0c3ae91 elementor-widget elementor-widget-image\" data-id=\"0c3ae91\" data-element_type=\"widget\" data-widget_type=\"image.default\">\n\t\t\t\t<div class=\"elementor-widget-container\">\n\t\t\t\t\t\t\t\t\t\t\t\t\t\t\t<img decoding=\"async\" loading=\"lazy\" width=\"150\" height=\"150\" src=\"https:\/\/manuela-schwab.de\/wp-content\/uploads\/2017\/01\/athenathemes-tribe-2-150x150.jpeg\" class=\"attachment-thumbnail size-thumbnail wp-image-726\" alt=\"\" srcset=\"https:\/\/manuela-schwab.de\/wp-content\/uploads\/2017\/01\/athenathemes-tribe-2-150x150.jpeg 150w, https:\/\/manuela-schwab.de\/wp-content\/uploads\/2017\/01\/athenathemes-tribe-2-300x300.jpeg 300w, https:\/\/manuela-schwab.de\/wp-content\/uploads\/2017\/01\/athenathemes-tribe-2-100x100.jpeg 100w\" sizes=\"(max-width: 150px) 100vw, 150px\" \/>\t\t\t\t\t\t\t\t\t\t\t\t\t\t\t<\/div>\n\t\t\t\t<\/div>\n\t\t\t\t\t<\/div>\n\t\t<\/div>\n\t\t\t\t\t\t\t<\/div>\n\t\t<\/section>\n\t\t\t\t\t\t\t<\/div>\n\t\t","protected":false},"excerpt":{"rendered":"<p>Liebe zu den Sch\u00fclern \u2013 Liebe zum Beruf Lehrersein ist ebenso wie Elternsein eine wundersch\u00f6ne Aufgabe, wenn man Freude am Wachstum und an der Entwicklung junger Menschen hat. Das erfordert&#8230;<\/p>\n","protected":false},"author":1,"featured_media":0,"parent":0,"menu_order":0,"comment_status":"closed","ping_status":"closed","template":"","meta":{"footnotes":""},"_links":{"self":[{"href":"https:\/\/manuela-schwab.de\/index.php?rest_route=\/wp\/v2\/pages\/1020"}],"collection":[{"href":"https:\/\/manuela-schwab.de\/index.php?rest_route=\/wp\/v2\/pages"}],"about":[{"href":"https:\/\/manuela-schwab.de\/index.php?rest_route=\/wp\/v2\/types\/page"}],"author":[{"embeddable":true,"href":"https:\/\/manuela-schwab.de\/index.php?rest_route=\/wp\/v2\/users\/1"}],"replies":[{"embeddable":true,"href":"https:\/\/manuela-schwab.de\/index.php?rest_route=%2Fwp%2Fv2%2Fcomments&post=1020"}],"version-history":[{"count":20,"href":"https:\/\/manuela-schwab.de\/index.php?rest_route=\/wp\/v2\/pages\/1020\/revisions"}],"predecessor-version":[{"id":1473,"href":"https:\/\/manuela-schwab.de\/index.php?rest_route=\/wp\/v2\/pages\/1020\/revisions\/1473"}],"wp:attachment":[{"href":"https:\/\/manuela-schwab.de\/index.php?rest_route=%2Fwp%2Fv2%2Fmedia&parent=1020"}],"curies":[{"name":"wp","href":"https:\/\/api.w.org\/{rel}","templated":true}]}}