{"id":1018,"date":"2019-07-07T18:12:17","date_gmt":"2019-07-07T18:12:17","guid":{"rendered":"http:\/\/manuela-schwab.de\/?page_id=1018"},"modified":"2022-12-10T07:45:40","modified_gmt":"2022-12-10T07:45:40","slug":"3-kinderleicht","status":"publish","type":"page","link":"https:\/\/manuela-schwab.de\/?page_id=1018","title":{"rendered":"KinderLeicht"},"content":{"rendered":"\t\t<div data-elementor-type=\"wp-page\" data-elementor-id=\"1018\" class=\"elementor elementor-1018\">\n\t\t\t\t\t\t\t\t\t<section class=\"elementor-section elementor-top-section elementor-element elementor-element-4f653489 elementor-section-boxed elementor-section-height-default elementor-section-height-default\" data-id=\"4f653489\" data-element_type=\"section\">\n\t\t\t\t\t\t<div class=\"elementor-container elementor-column-gap-default\">\n\t\t\t\t\t<div class=\"elementor-column elementor-col-100 elementor-top-column elementor-element elementor-element-39ea99ef\" data-id=\"39ea99ef\" data-element_type=\"column\">\n\t\t\t<div class=\"elementor-widget-wrap elementor-element-populated\">\n\t\t\t\t\t\t\t\t<div class=\"elementor-element elementor-element-0a53d00 elementor-widget elementor-widget-image\" data-id=\"0a53d00\" data-element_type=\"widget\" data-widget_type=\"image.default\">\n\t\t\t\t<div class=\"elementor-widget-container\">\n\t\t\t\t\t\t\t\t\t\t\t\t\t\t\t<img decoding=\"async\" loading=\"lazy\" width=\"300\" height=\"251\" src=\"https:\/\/manuela-schwab.de\/wp-content\/uploads\/2022\/01\/Design-ohne-Titel-4-300x251.png\" class=\"attachment-medium size-medium wp-image-1423\" alt=\"\" srcset=\"https:\/\/manuela-schwab.de\/wp-content\/uploads\/2022\/01\/Design-ohne-Titel-4-300x251.png 300w, https:\/\/manuela-schwab.de\/wp-content\/uploads\/2022\/01\/Design-ohne-Titel-4-768x644.png 768w, https:\/\/manuela-schwab.de\/wp-content\/uploads\/2022\/01\/Design-ohne-Titel-4-60x50.png 60w, https:\/\/manuela-schwab.de\/wp-content\/uploads\/2022\/01\/Design-ohne-Titel-4-700x587.png 700w, https:\/\/manuela-schwab.de\/wp-content\/uploads\/2022\/01\/Design-ohne-Titel-4.png 940w\" sizes=\"(max-width: 300px) 100vw, 300px\" \/>\t\t\t\t\t\t\t\t\t\t\t\t\t\t\t<\/div>\n\t\t\t\t<\/div>\n\t\t\t\t<div class=\"elementor-element elementor-element-3d9b2be8 e-transform e-transform elementor-widget__width-inherit elementor-widget elementor-widget-text-editor\" data-id=\"3d9b2be8\" data-element_type=\"widget\" data-settings=\"{&quot;_transform_translateX_effect&quot;:{&quot;unit&quot;:&quot;px&quot;,&quot;size&quot;:25,&quot;sizes&quot;:[]},&quot;_transform_rotateZ_effect&quot;:{&quot;unit&quot;:&quot;px&quot;,&quot;size&quot;:&quot;&quot;,&quot;sizes&quot;:[]},&quot;_transform_rotateZ_effect_tablet&quot;:{&quot;unit&quot;:&quot;deg&quot;,&quot;size&quot;:&quot;&quot;,&quot;sizes&quot;:[]},&quot;_transform_rotateZ_effect_mobile&quot;:{&quot;unit&quot;:&quot;deg&quot;,&quot;size&quot;:&quot;&quot;,&quot;sizes&quot;:[]},&quot;_transform_translateX_effect_tablet&quot;:{&quot;unit&quot;:&quot;px&quot;,&quot;size&quot;:&quot;&quot;,&quot;sizes&quot;:[]},&quot;_transform_translateX_effect_mobile&quot;:{&quot;unit&quot;:&quot;px&quot;,&quot;size&quot;:&quot;&quot;,&quot;sizes&quot;:[]},&quot;_transform_translateY_effect&quot;:{&quot;unit&quot;:&quot;px&quot;,&quot;size&quot;:&quot;&quot;,&quot;sizes&quot;:[]},&quot;_transform_translateY_effect_tablet&quot;:{&quot;unit&quot;:&quot;px&quot;,&quot;size&quot;:&quot;&quot;,&quot;sizes&quot;:[]},&quot;_transform_translateY_effect_mobile&quot;:{&quot;unit&quot;:&quot;px&quot;,&quot;size&quot;:&quot;&quot;,&quot;sizes&quot;:[]}}\" data-widget_type=\"text-editor.default\">\n\t\t\t\t<div class=\"elementor-widget-container\">\n\t\t\t\t\t\t\t<p><!-- wp:image {\"align\":\"center\",\"id\":1421,\"width\":300,\"height\":251,\"sizeSlug\":\"medium\",\"linkDestination\":\"none\",\"className\":\"is-style-rounded\"} --><\/p>\n<div class=\"wp-block-image is-style-rounded\">\n<figure class=\"aligncenter size-medium is-resized\"><\/figure>\n<\/div>\n<p><!-- \/wp:image --><\/p>\n<p><!-- wp:paragraph --><\/p>\n<p>Sollte so das Leben unserer Kinder nicht sein? KinderLeicht?<\/p>\n<p><!-- \/wp:paragraph --><\/p>\n<p><!-- wp:paragraph --><\/p>\n<p>Sollten sie nicht fr\u00f6hlich lachend und unbeschwert ihre Kindheit genie\u00dfen und zu gl\u00fccklichen Erwachsenen heranreifen? Geliebt, verstanden und getragen?<\/p>\n<p><!-- \/wp:paragraph --><\/p>\n<p><!-- wp:paragraph --><\/p>\n<p>Leider ist das nicht die Regel, denn die Kinder von heute haben hohe Anforderungen zu erf\u00fcllen, kollektiven \u201eStandards\u201c gerecht zu werden und zu funktionieren!<\/p>\n<p><!-- \/wp:paragraph --><\/p>\n<p><!-- wp:paragraph --><\/p>\n<p>Das macht m\u00fcde, traurig, aggressiv und immer \u00f6fter leiden auch Sch\u00fcler schon an Burnout.<\/p>\n<p><!-- \/wp:paragraph --><\/p>\n<p><!-- wp:paragraph --><\/p>\n<p>Das mu\u00df nicht sein!<\/p>\n<p><!-- \/wp:paragraph --><\/p>\n<p><!-- wp:paragraph --><\/p>\n<p>Wie Jasper Juul schon so treffend sagte:<\/p>\n<p><!-- \/wp:paragraph --><\/p>\n<p><!-- wp:paragraph --><\/p>\n<p>\u201eWenn Kinder aggressiv sind dann ist das eine Einladung:&nbsp;<\/p>\n<p><!-- \/wp:paragraph --><\/p>\n<p><!-- wp:paragraph --><\/p>\n<p>Hallo, mir geht es nicht gut!&nbsp;<\/p>\n<p><!-- \/wp:paragraph --><\/p>\n<p><!-- wp:paragraph --><\/p>\n<p>K\u00f6nnte bitte jemand in meiner Realit\u00e4t vorbeikommen und mir helfen,&nbsp;<\/p>\n<p><!-- \/wp:paragraph --><\/p>\n<p><!-- wp:paragraph --><\/p>\n<p>herauszufinden, was ich machen soll!\u201c<\/p>\n<p><!-- \/wp:paragraph --><\/p>\n<p><!-- wp:paragraph --><\/p>\n<p>Ich helfe Dir und Deinem Kind, mehr zu \u201efunkeln\u201c statt nur zu \u201efunktionieren\u201c und so in sein individuelles Potential zu kommen \u2013 f\u00fcr ein KinderLeichtes Aufwachsen und eine gesunde Entwicklung!<\/p>\n<p><!-- \/wp:paragraph --><\/p>\n<p><!-- wp:paragraph --><\/p>\n<p>In meinem KinderLeicht-Programm schaue ich mit Deinem Kind nach hinderlichen Glaubenss\u00e4tzen und Blockaden, schaue hinter die \u00c4ngste wie z.B. Schulangst und Pr\u00fcfungsangst und arbeite mit der KinFlex<sup>\u00ae<\/sup> Reflextherapie mit den Symptomatiken, die oft in Verbindung mit AD(H)S, Lese-Rechtschreibschw\u00e4che und Dyskalkulie gebracht werden.<\/p>\n<p><!-- \/wp:paragraph --><\/p>\n<p><!-- wp:paragraph --><\/p>\n<p>In k\u00fcrzester Zeit kann Dein Kind so in sein Potenzial kommen und es voll aussch\u00f6pfen\u2026 damit ihm mehr (Frei-) Zeit bleibt, um einfach nur Kind zu sein!<\/p>\n<p><!-- \/wp:paragraph --><\/p>\t\t\t\t\t\t<\/div>\n\t\t\t\t<\/div>\n\t\t\t\t\t<\/div>\n\t\t<\/div>\n\t\t\t\t\t\t\t<\/div>\n\t\t<\/section>\n\t\t\t\t\t\t\t<\/div>\n\t\t","protected":false},"excerpt":{"rendered":"<p>Sollte so das Leben unserer Kinder nicht sein? KinderLeicht? Sollten sie nicht fr\u00f6hlich lachend und unbeschwert ihre Kindheit genie\u00dfen und zu gl\u00fccklichen Erwachsenen heranreifen? Geliebt, verstanden und getragen? Leider ist&#8230;<\/p>\n","protected":false},"author":1,"featured_media":0,"parent":0,"menu_order":0,"comment_status":"closed","ping_status":"closed","template":"","meta":{"footnotes":""},"_links":{"self":[{"href":"https:\/\/manuela-schwab.de\/index.php?rest_route=\/wp\/v2\/pages\/1018"}],"collection":[{"href":"https:\/\/manuela-schwab.de\/index.php?rest_route=\/wp\/v2\/pages"}],"about":[{"href":"https:\/\/manuela-schwab.de\/index.php?rest_route=\/wp\/v2\/types\/page"}],"author":[{"embeddable":true,"href":"https:\/\/manuela-schwab.de\/index.php?rest_route=\/wp\/v2\/users\/1"}],"replies":[{"embeddable":true,"href":"https:\/\/manuela-schwab.de\/index.php?rest_route=%2Fwp%2Fv2%2Fcomments&post=1018"}],"version-history":[{"count":14,"href":"https:\/\/manuela-schwab.de\/index.php?rest_route=\/wp\/v2\/pages\/1018\/revisions"}],"predecessor-version":[{"id":1547,"href":"https:\/\/manuela-schwab.de\/index.php?rest_route=\/wp\/v2\/pages\/1018\/revisions\/1547"}],"wp:attachment":[{"href":"https:\/\/manuela-schwab.de\/index.php?rest_route=%2Fwp%2Fv2%2Fmedia&parent=1018"}],"curies":[{"name":"wp","href":"https:\/\/api.w.org\/{rel}","templated":true}]}}