{"id":1014,"date":"2019-07-07T18:11:43","date_gmt":"2019-07-07T18:11:43","guid":{"rendered":"http:\/\/manuela-schwab.de\/?page_id=1014"},"modified":"2022-12-10T08:02:37","modified_gmt":"2022-12-10T08:02:37","slug":"1-mutterleicht","status":"publish","type":"page","link":"https:\/\/manuela-schwab.de\/?page_id=1014","title":{"rendered":"MutterLeicht\u00a9"},"content":{"rendered":"\t\t<div data-elementor-type=\"wp-post\" data-elementor-id=\"1014\" class=\"elementor elementor-1014\">\n\t\t\t\t\t\t\t\t\t<section class=\"elementor-section elementor-top-section elementor-element elementor-element-63d7904c elementor-section-boxed elementor-section-height-default elementor-section-height-default\" data-id=\"63d7904c\" data-element_type=\"section\">\n\t\t\t\t\t\t<div class=\"elementor-container elementor-column-gap-default\">\n\t\t\t\t\t<div class=\"elementor-column elementor-col-100 elementor-top-column elementor-element elementor-element-1e3490af\" data-id=\"1e3490af\" data-element_type=\"column\">\n\t\t\t<div class=\"elementor-widget-wrap elementor-element-populated\">\n\t\t\t\t\t\t\t\t<div class=\"elementor-element elementor-element-dce7efa elementor-widget elementor-widget-image\" data-id=\"dce7efa\" data-element_type=\"widget\" data-widget_type=\"image.default\">\n\t\t\t\t<div class=\"elementor-widget-container\">\n\t\t\t\t\t\t\t\t\t\t\t\t\t\t\t<img decoding=\"async\" loading=\"lazy\" width=\"500\" height=\"320\" src=\"https:\/\/manuela-schwab.de\/wp-content\/uploads\/2022\/01\/DSC_8022-2-500x320.jpg\" class=\"attachment-tribe-500 size-tribe-500 wp-image-1271\" alt=\"\" \/>\t\t\t\t\t\t\t\t\t\t\t\t\t\t\t<\/div>\n\t\t\t\t<\/div>\n\t\t\t\t<div class=\"elementor-element elementor-element-4383b26b elementor-widget elementor-widget-text-editor\" data-id=\"4383b26b\" data-element_type=\"widget\" data-widget_type=\"text-editor.default\">\n\t\t\t\t<div class=\"elementor-widget-container\">\n\t\t\t\t\t\t\t<p><!-- wp:paragraph --><\/p>\n<p>Aus der Feder eines schlauen Werbetexters entstammt die Aussage<\/p>\n<p><!-- \/wp:paragraph --><\/p>\n<p><!-- wp:paragraph --><\/p>\n<p>&nbsp;\u201eIch leite ein erfolgreiches, kleines Familienunternehmen!\u201c&nbsp;<\/p>\n<p><!-- \/wp:paragraph --><\/p>\n<p><!-- wp:paragraph --><\/p>\n<p>gemeint ist DIE Familie schlechthin, und hat somit den Job der Mutter in seiner Wichtigkeit erkannt und auf den Punkt gebracht.<\/p>\n<p><!-- \/wp:paragraph --><\/p>\n<p><!-- wp:paragraph --><\/p>\n<p>Die Rolle der Mutter ist eine enorm wichtige, die oft untersch\u00e4tzt wird \u2013 nicht zuletzt von den M\u00fcttern selbst!<\/p>\n<p><!-- \/wp:paragraph --><\/p>\n<p><!-- wp:paragraph --><\/p>\n<p>Mutter sein ist in der aktuellen Zeit eine gro\u00dfe Herausforderung! Wir Frauen wollen so M\u00fctter sein, wie wir sie einst hatten (oder sie uns gew\u00fcnscht h\u00e4tten) und unseren Kindern eine unbeschwerte Kindheit bieten- m\u00fcssen (und wollen) aber auch arbeiten, wie es einst nur die V\u00e4ter getan haben.&nbsp;<\/p>\n<p><!-- \/wp:paragraph --><\/p>\n<p><!-- wp:paragraph --><\/p>\n<p>Als ausgebildete Mutterleicht\u00a9 &#8211; Trainerin (by Nina Pettenberg) helfe ich Dir, Deinen pers\u00f6nlichen Schatz zu finden!<\/p>\n<p><!-- \/wp:paragraph --><\/p>\n<p><!-- wp:paragraph --><\/p>\n<p>Wir l\u00f6sen Dich von Sorgen und Problemen des Alltags, finden Deinen pers\u00f6nlichen Kraftort, an dem Du Deine Energie jederzeit wieder aufladen kannst f\u00fcr kleine Ruheinseln im Alltag, wir visualisieren deine W\u00fcnsche und Ziele und wir manifestieren sie, nachdem wir Deine hinderlichen Glaubenss\u00e4tze transformiert haben. Komme wieder in Deine Kraft, f\u00fchle Deine Gef\u00fchlsf\u00fclle und fange wieder an zu funkeln! Wie damals, als Du frisch verliebt warst, davon getr\u00e4umt hast, eine Familie zu haben und Mutter zu sein! Hole dieses Gl\u00fcck zur\u00fcck in Deinen Alltag und starte mit mir DEIN mutterleichtes Leben!<\/p>\n<p><!-- \/wp:paragraph --><\/p>\t\t\t\t\t\t<\/div>\n\t\t\t\t<\/div>\n\t\t\t\t<div class=\"elementor-element elementor-element-641d1c1 elementor-widget elementor-widget-image\" data-id=\"641d1c1\" data-element_type=\"widget\" data-widget_type=\"image.default\">\n\t\t\t\t<div class=\"elementor-widget-container\">\n\t\t\t\t\t\t\t\t\t\t\t\t\t\t\t<img decoding=\"async\" loading=\"lazy\" width=\"300\" height=\"200\" src=\"https:\/\/manuela-schwab.de\/wp-content\/uploads\/2017\/01\/athenathemes-tribe-3-300x200.jpg\" class=\"attachment-medium size-medium wp-image-727\" alt=\"\" srcset=\"https:\/\/manuela-schwab.de\/wp-content\/uploads\/2017\/01\/athenathemes-tribe-3-300x200.jpg 300w, https:\/\/manuela-schwab.de\/wp-content\/uploads\/2017\/01\/athenathemes-tribe-3-60x40.jpg 60w, https:\/\/manuela-schwab.de\/wp-content\/uploads\/2017\/01\/athenathemes-tribe-3-600x399.jpg 600w, https:\/\/manuela-schwab.de\/wp-content\/uploads\/2017\/01\/athenathemes-tribe-3.jpg 640w\" sizes=\"(max-width: 300px) 100vw, 300px\" \/>\t\t\t\t\t\t\t\t\t\t\t\t\t\t\t<\/div>\n\t\t\t\t<\/div>\n\t\t\t\t\t<\/div>\n\t\t<\/div>\n\t\t\t\t\t\t\t<\/div>\n\t\t<\/section>\n\t\t\t\t\t\t\t<\/div>\n\t\t","protected":false},"excerpt":{"rendered":"<p>Aus der Feder eines schlauen Werbetexters entstammt die Aussage &nbsp;\u201eIch leite ein erfolgreiches, kleines Familienunternehmen!\u201c&nbsp; gemeint ist DIE Familie schlechthin, und hat somit den Job der Mutter in seiner Wichtigkeit&#8230;<\/p>\n","protected":false},"author":1,"featured_media":0,"parent":0,"menu_order":0,"comment_status":"closed","ping_status":"closed","template":"","meta":{"footnotes":""},"_links":{"self":[{"href":"https:\/\/manuela-schwab.de\/index.php?rest_route=\/wp\/v2\/pages\/1014"}],"collection":[{"href":"https:\/\/manuela-schwab.de\/index.php?rest_route=\/wp\/v2\/pages"}],"about":[{"href":"https:\/\/manuela-schwab.de\/index.php?rest_route=\/wp\/v2\/types\/page"}],"author":[{"embeddable":true,"href":"https:\/\/manuela-schwab.de\/index.php?rest_route=\/wp\/v2\/users\/1"}],"replies":[{"embeddable":true,"href":"https:\/\/manuela-schwab.de\/index.php?rest_route=%2Fwp%2Fv2%2Fcomments&post=1014"}],"version-history":[{"count":21,"href":"https:\/\/manuela-schwab.de\/index.php?rest_route=\/wp\/v2\/pages\/1014\/revisions"}],"predecessor-version":[{"id":1558,"href":"https:\/\/manuela-schwab.de\/index.php?rest_route=\/wp\/v2\/pages\/1014\/revisions\/1558"}],"wp:attachment":[{"href":"https:\/\/manuela-schwab.de\/index.php?rest_route=%2Fwp%2Fv2%2Fmedia&parent=1014"}],"curies":[{"name":"wp","href":"https:\/\/api.w.org\/{rel}","templated":true}]}}