{"id":1010,"date":"2019-07-07T09:31:11","date_gmt":"2019-07-07T09:31:11","guid":{"rendered":"http:\/\/manuela-schwab.de\/?page_id=1010"},"modified":"2025-01-24T16:59:22","modified_gmt":"2025-01-24T16:59:22","slug":"herzlich-willkommen-auf-meiner-internetseite","status":"publish","type":"page","link":"https:\/\/manuela-schwab.de\/","title":{"rendered":"Herzlich Willkommen auf meiner Internetseite!"},"content":{"rendered":"\n<p><\/p>\n\n\n<div class=\"wp-block-image is-style-rounded\">\n<figure class=\"aligncenter size-full\"><img decoding=\"async\" loading=\"lazy\" width=\"500\" height=\"320\" src=\"https:\/\/manuela-schwab.de\/wp-content\/uploads\/2022\/02\/image.jpeg\" alt=\"\" class=\"wp-image-1499\" srcset=\"https:\/\/manuela-schwab.de\/wp-content\/uploads\/2022\/02\/image.jpeg 500w, https:\/\/manuela-schwab.de\/wp-content\/uploads\/2022\/02\/image-300x192.jpeg 300w, https:\/\/manuela-schwab.de\/wp-content\/uploads\/2022\/02\/image-60x38.jpeg 60w\" sizes=\"(max-width: 500px) 100vw, 500px\" \/><\/figure><\/div>\n\n\n<p>Ich freue mich auf den Weg mit Dir, wenn Du sp\u00fcrst, dass es Zeit ist f\u00fcr eine Ver\u00e4nderung, wenn Du wieder in Deine Kraft kommen m\u00f6chtest, wenn Dein Familienleben eher belastend als erf\u00fcllend ist!<\/p>\n\n\n\n<p>Gemeinsam widmen wir uns Deinen individuellen Herzensw\u00fcnschen<\/p>\n\n\n\n<p>Als Mutterleicht\u00a9 Trainerin und PureLife CentorIN\u00a9 begleite Dich als Frau (und Mutter), in Deine Kraft zu kommen und Dein nat\u00fcrliches Strahlen zu finden! Lerne mit mir Deine Gef\u00fchlsf\u00fcllef\u00fchlen und Deinen Alttag mit Liebe, Freude und Leichtigkeit zu leben.<\/p>\n\n\n\n<p>Als KinFlex\u00ae Reflex- und Zentrierungstherapeutin helfe ich Dir und Deinem Kind, wenn Du in Sorge um Dein Kind bist, die Versetzung gef\u00e4hrdet ist, oder Dein Kind Symptome von Lese-Rechtschreibschw\u00e4che, Dyskalkulie oder AD(H)S zeigt.<\/p>\n\n\n\n<p>Ich biete ganzheitliche L\u00f6sungen mit systemischem Ansatz an, die Deine Familie und Dich zu mehr Leichtigkeit f\u00fchren und wieder mehr Sternenstaub in Euer Leben bringen!<\/p>\n\n\n<\/p>","protected":false},"excerpt":{"rendered":"<p>Ich freue mich auf den Weg mit Dir, wenn Du sp\u00fcrst, dass es Zeit ist f\u00fcr eine Ver\u00e4nderung, wenn Du wieder in Deine Kraft kommen m\u00f6chtest, wenn Dein Familienleben eher&#8230;<\/p>\n","protected":false},"author":1,"featured_media":0,"parent":0,"menu_order":0,"comment_status":"closed","ping_status":"closed","template":"","meta":{"footnotes":""},"_links":{"self":[{"href":"https:\/\/manuela-schwab.de\/index.php?rest_route=\/wp\/v2\/pages\/1010"}],"collection":[{"href":"https:\/\/manuela-schwab.de\/index.php?rest_route=\/wp\/v2\/pages"}],"about":[{"href":"https:\/\/manuela-schwab.de\/index.php?rest_route=\/wp\/v2\/types\/page"}],"author":[{"embeddable":true,"href":"https:\/\/manuela-schwab.de\/index.php?rest_route=\/wp\/v2\/users\/1"}],"replies":[{"embeddable":true,"href":"https:\/\/manuela-schwab.de\/index.php?rest_route=%2Fwp%2Fv2%2Fcomments&post=1010"}],"version-history":[{"count":31,"href":"https:\/\/manuela-schwab.de\/index.php?rest_route=\/wp\/v2\/pages\/1010\/revisions"}],"predecessor-version":[{"id":1621,"href":"https:\/\/manuela-schwab.de\/index.php?rest_route=\/wp\/v2\/pages\/1010\/revisions\/1621"}],"wp:attachment":[{"href":"https:\/\/manuela-schwab.de\/index.php?rest_route=%2Fwp%2Fv2%2Fmedia&parent=1010"}],"curies":[{"name":"wp","href":"https:\/\/api.w.org\/{rel}","templated":true}]}}